{"id":11157,"date":"2022-05-20T08:38:26","date_gmt":"2022-05-20T08:38:26","guid":{"rendered":"https:\/\/russellhlive.wpenginepowered.com\/?page_id=11157"},"modified":"2022-05-23T11:49:41","modified_gmt":"2022-05-23T11:49:41","slug":"mukilteo-bicycle-accident-attorney","status":"publish","type":"page","link":"https:\/\/russellandhill.com\/es\/mukilteo-bicycle-accident-attorney\/","title":{"rendered":"Abogado de accidentes de bicicleta en Mukilteo"},"content":{"rendered":"<p>Muchas personas eligen recorrer Mukilteo, Washington, en bicicleta porque es beneficioso tanto para la salud como para el medio ambiente. Adem\u00e1s, montar en bicicleta puede ser m\u00e1s econ\u00f3mico que usar un coche para ir del punto A al punto B.<\/p>\n<p>Sin embargo, si alguna vez sufre un accidente de bicicleta, podr\u00eda tener que afrontar gastos como facturas m\u00e9dicas, p\u00e9rdida de salario y m\u00e1s. Aunque esperamos que esto nunca suceda, si sufre lesiones en un accidente debido a la negligencia de otra persona, puede solicitar una indemnizaci\u00f3n con la ayuda de un... <strong>Abogado de accidentes de bicicleta en Mukilteo<\/strong>.<\/p>\n<h2>Causas comunes de accidentes de bicicleta en Mukilteo<\/h2>\n<p>Los accidentes de bicicleta en Mukilteo suelen ocurrir debido a la negligencia de los conductores. Pueden causar accidentes con ciclistas si:<\/p>\n<ul>\n<li>Exceso de velocidad<\/li>\n<li>Conducir bajo la influencia de drogas o alcohol<\/li>\n<li>Conducir cansado, una conducta que puede ser tan peligrosa como conducir en estado de ebriedad en algunas circunstancias<\/li>\n<li>Conducir mientras se utiliza el tel\u00e9fono inteligente u otro dispositivo similar, lo que se est\u00e1 convirtiendo en una causa cada vez m\u00e1s com\u00fan de todo tipo de accidentes automovil\u00edsticos.<\/li>\n<li>No ceder el derecho de paso<\/li>\n<li>No ver a un ciclista al hacer un giro<\/li>\n<li>Pasar sem\u00e1foros en rojo y se\u00f1ales de stop o no respetar las se\u00f1ales y sem\u00e1foros de tr\u00e1fico<\/li>\n<\/ul>\n<p>Tambi\u00e9n hay casos raros pero posibles en los que la parte negligente responsable de causar un accidente de bicicleta no es otro conductor.<\/p>\n<p>Por ejemplo, un accidente puede ocurrir porque un componente de una bicicleta est\u00e1 defectuoso. En estas circunstancias, la parte negligente podr\u00eda ser el dise\u00f1ador o fabricante de la bicicleta. De igual manera, a veces pueden ocurrir accidentes si un conductor no puede evitar un accidente con un ciclista debido a un componente defectuoso en su veh\u00edculo del que no era consciente.<\/p>\n<p>Adem\u00e1s, las agencias gubernamentales son responsables de mantener las carreteras seguras, detectar peligros y abordar cualquier peligro que identifiquen. Aunque no es muy com\u00fan, en algunos casos, los ciclistas se ven involucrados en accidentes debido a la negligencia de las agencias gubernamentales locales al no hacer su trabajo.<\/p>\n<h2>C\u00f3mo ayuda un bufete de abogados especializado en accidentes de bicicleta en Mukilteo<\/h2>\n<p>Cuando un <strong>Accidente de bicicleta en Mukilteo<\/strong> Si el accidente es resultado de la negligencia de alguien, la v\u00edctima generalmente puede reclamar una indemnizaci\u00f3n por sus gastos m\u00e9dicos y p\u00e9rdidas relacionadas mediante una reclamaci\u00f3n o demanda para cobrar al seguro de la parte negligente. Para ello, debe identificar con precisi\u00f3n a las partes negligentes. Tambi\u00e9n debe reunir pruebas que demuestren que su negligencia caus\u00f3 el accidente.<\/p>\n<p>Esta es una de las muchas maneras en que una <strong>Bufete de abogados especializado en accidentes de bicicleta en Mukilteo<\/strong> Podemos ayudarle. Investigaremos su accidente para identificar al responsable y reuniremos pruebas que demuestren que usted merece una indemnizaci\u00f3n.<\/p>\n<p>Un experto <strong>Abogado de accidentes de bicicleta en Mukilteo<\/strong> en <a href=\"https:\/\/russellandhill.com\/es\/our-firm\/\"><strong>Russell &amp; Hill \u2013 Abogados de lesiones y accidentes<\/strong><\/a> Tambi\u00e9n negociar\u00e1 un acuerdo justo en su nombre. Esto es fundamental. Es poco probable que una compa\u00f1\u00eda de seguros le ofrezca con gusto la indemnizaci\u00f3n total que merece. Para cobrar lo que se le deba, es necesario contar con la representaci\u00f3n de un experto legal con experiencia en casos como el suyo. Para obtener m\u00e1s informaci\u00f3n sobre c\u00f3mo podemos ayudarle, ll\u00e1menos al <strong><a href=\"tel:800-529-0842\">800-529-0842<\/a><\/strong> a <a href=\"https:\/\/russellandhill.com\/es\/contact\/\"><strong>Programe su revisi\u00f3n de caso gratuita<\/strong><\/a>.<\/p>","protected":false},"excerpt":{"rendered":"<p>Many choose to navigate Mukilteo, Washington via bicycle because doing so is beneficial to both their health and the environment. Riding a bicycle can also be less expensive than relying on a car to get from Point A to Point B. However, if you are ever involved in a bicycle accident, you may face such<\/p>","protected":false},"author":16,"featured_media":0,"parent":0,"menu_order":0,"comment_status":"closed","ping_status":"closed","template":"","meta":{"_acf_changed":false,"footnotes":""},"class_list":["post-11157","page","type-page","status-publish","hentry"],"acf":[],"_links":{"self":[{"href":"https:\/\/russellandhill.com\/es\/wp-json\/wp\/v2\/pages\/11157","targetHints":{"allow":["GET"]}}],"collection":[{"href":"https:\/\/russellandhill.com\/es\/wp-json\/wp\/v2\/pages"}],"about":[{"href":"https:\/\/russellandhill.com\/es\/wp-json\/wp\/v2\/types\/page"}],"author":[{"embeddable":true,"href":"https:\/\/russellandhill.com\/es\/wp-json\/wp\/v2\/users\/16"}],"replies":[{"embeddable":true,"href":"https:\/\/russellandhill.com\/es\/wp-json\/wp\/v2\/comments?post=11157"}],"version-history":[{"count":0,"href":"https:\/\/russellandhill.com\/es\/wp-json\/wp\/v2\/pages\/11157\/revisions"}],"wp:attachment":[{"href":"https:\/\/russellandhill.com\/es\/wp-json\/wp\/v2\/media?parent=11157"}],"curies":[{"name":"gracias","href":"https:\/\/api.w.org\/{rel}","templated":true}]}}