{"id":11159,"date":"2022-05-20T08:44:29","date_gmt":"2022-05-20T08:44:29","guid":{"rendered":"https:\/\/russellhlive.wpenginepowered.com\/?page_id=11159"},"modified":"2022-05-23T11:49:50","modified_gmt":"2022-05-23T11:49:50","slug":"stanwood-bicycle-accident-attorney","status":"publish","type":"page","link":"https:\/\/russellandhill.com\/es\/stanwood-bicycle-accident-attorney\/","title":{"rendered":"Abogado de accidentes de bicicleta de Stanwood"},"content":{"rendered":"<p>El clima est\u00e1 mejorando y todos queremos estar al aire libre. Aunque andar en bicicleta para desplazarse por Stanwood, Washington, suele ser una opci\u00f3n beneficiosa para la salud y las finanzas, eso puede cambiar si alguna vez sufres un accidente de bicicleta.<\/p>\n<p>Puede que seas un ciclista precavido. Sin embargo, a\u00fan es posible sufrir un accidente si alguien m\u00e1s es negligente.<\/p>\n<p>Contacte con un <strong>Abogado de accidentes de bicicleta en Stanwood<\/strong> en <a href=\"https:\/\/russellandhill.com\/es\/our-firm\/\"><strong>Russell &amp; Hill \u2013 Abogados de lesiones y accidentes<\/strong><\/a> Si alguna vez sufre lesiones en un accidente de bicicleta que cree que ocurri\u00f3 por negligencia ajena, podemos ayudarle a recuperar una posible compensaci\u00f3n econ\u00f3mica por sus gastos m\u00e9dicos, p\u00e9rdida de ingresos y m\u00e1s.<\/p>\n<h2>Causas de accidentes de bicicleta en Stanwood<\/h2>\n<p>A veces, los accidentes de bicicleta ocurren de forma aleatoria, sin que nadie tenga la culpa. Un ciclista puede perder el control de su veh\u00edculo y resultar herido.<\/p>\n<p>No siempre es as\u00ed. Muchos accidentes de bicicleta ocurren por la negligencia de terceros. A menudo, ese tercero es un conductor descuidado que puede causar un accidente de bicicleta en Stanwood porque:<\/p>\n<ul>\n<li>Exceso de velocidad<\/li>\n<li>No obedecer las se\u00f1ales y se\u00f1ales de tr\u00e1nsito<\/li>\n<li>Conducir bajo la influencia de drogas o alcohol<\/li>\n<li>Conducir cuando est\u00e1n demasiado cansados para hacerlo con seguridad<\/li>\n<li>No fijarse en los ciclistas al cambiar de carril o al hacer giros<\/li>\n<li>Usar su tel\u00e9fono inteligente u otros dispositivos similares cuando deber\u00edan prestar atenci\u00f3n a la carretera.<\/li>\n<li>No ceder el derecho de paso<\/li>\n<\/ul>\n<p>Una v\u00edctima de un accidente de bicicleta en Stanwood como resultado de la negligencia de un conductor puede buscar una compensaci\u00f3n por p\u00e9rdidas tales como sus facturas m\u00e9dicas presentando un reclamo o una demanda para cobrarle a su seguro.<\/p>\n<p>Es recomendable consultar con un <strong>Bufete de abogados especializado en accidentes de bicicleta de Stanwood<\/strong> Antes de emprender acciones legales, es importante recopilar pruebas de negligencia coordin\u00e1ndose con profesionales legales que cuenten con los recursos y la capacitaci\u00f3n necesarios para realizar una investigaci\u00f3n exhaustiva.<\/p>\n<p>Tambi\u00e9n es fundamental identificar correctamente a las partes responsables al solicitar una indemnizaci\u00f3n en estas circunstancias. Si bien el conductor suele ser el responsable negligente de un accidente de bicicleta en Stanwood, existen excepciones.<\/p>\n<p>Quiz\u00e1s un componente de una bicicleta falle debido a un defecto que los dise\u00f1adores o fabricantes pasaron por alto. Si este defecto causa un accidente, podr\u00edan ser responsables. Adem\u00e1s, es posible que un conductor responsable y precavido provoque un accidente de bicicleta si un defecto en su veh\u00edculo (como un fallo en los frenos) le impide evitarlo.<\/p>\n<p>En algunos casos, incluso es necesario tener en cuenta las condiciones de la carretera al determinar la responsabilidad en un accidente. <strong>Caso de accidente de bicicleta en Stanwood<\/strong>Las agencias gubernamentales locales tienen la responsabilidad de garantizar que los peligros viales se aborden de manera oportuna y adecuada. Podr\u00edan ser declaradas responsables si ocurre un accidente por no haberlo hecho.<\/p>\n<h2>C\u00f3mo ayuda un bufete de abogados especializado en accidentes de bicicleta de Stanwood<\/h2>\n<p>Como ciclista, eres particularmente vulnerable en la carretera, ya que est\u00e1s mucho m\u00e1s expuesto que si condujeras o viajaras en un coche u otro veh\u00edculo cerrado. Esto significa que las lesiones que podr\u00edas sufrir si sufres un accidente tienen una alta probabilidad de ser graves.<\/p>\n<p>Seguramente requerir\u00e1n un tratamiento m\u00e9dico costoso. Incluso podr\u00edan impedirle trabajar. Eso sin mencionar el dolor y el sufrimiento que podr\u00eda experimentar como resultado de sus lesiones.<\/p>\n<p>Usted merece recibir una compensaci\u00f3n por tales p\u00e9rdidas cuando su accidente fue resultado de negligencia. <strong>Abogado de accidentes de bicicleta en Stanwood<\/strong> en <strong>Russell &amp; Hill \u2013 Abogados de lesiones y accidentes<\/strong>\u00a0Podemos ayudarle a obtener la compensaci\u00f3n a la que podr\u00eda tener derecho. Para m\u00e1s informaci\u00f3n sobre c\u00f3mo podemos ayudarle, ll\u00e1menos al <strong><a href=\"tel:800-529-0842\">800-529-0842<\/a><\/strong> a <a href=\"https:\/\/russellandhill.com\/es\/contact\/\"><strong>Programe su consulta gratuita<\/strong><\/a>.<\/p>","protected":false},"excerpt":{"rendered":"<p>The weather is getting nicer, and we all want to be outside. Although riding a bicycle to get around Stanwood, Washington is typically an option that\u2019s beneficial to one\u2019s health and finances, that can change if you are ever involved in a bicycle accident. You may be a careful cyclist. However, it\u2019s still possible to<\/p>","protected":false},"author":16,"featured_media":0,"parent":0,"menu_order":0,"comment_status":"closed","ping_status":"closed","template":"","meta":{"_acf_changed":false,"footnotes":""},"class_list":["post-11159","page","type-page","status-publish","hentry"],"acf":[],"_links":{"self":[{"href":"https:\/\/russellandhill.com\/es\/wp-json\/wp\/v2\/pages\/11159","targetHints":{"allow":["GET"]}}],"collection":[{"href":"https:\/\/russellandhill.com\/es\/wp-json\/wp\/v2\/pages"}],"about":[{"href":"https:\/\/russellandhill.com\/es\/wp-json\/wp\/v2\/types\/page"}],"author":[{"embeddable":true,"href":"https:\/\/russellandhill.com\/es\/wp-json\/wp\/v2\/users\/16"}],"replies":[{"embeddable":true,"href":"https:\/\/russellandhill.com\/es\/wp-json\/wp\/v2\/comments?post=11159"}],"version-history":[{"count":0,"href":"https:\/\/russellandhill.com\/es\/wp-json\/wp\/v2\/pages\/11159\/revisions"}],"wp:attachment":[{"href":"https:\/\/russellandhill.com\/es\/wp-json\/wp\/v2\/media?parent=11159"}],"curies":[{"name":"gracias","href":"https:\/\/api.w.org\/{rel}","templated":true}]}}