{"id":11310,"date":"2022-09-26T11:19:46","date_gmt":"2022-09-26T11:19:46","guid":{"rendered":"https:\/\/russellhlive.wpenginepowered.com\/?page_id=11310"},"modified":"2025-06-23T12:18:36","modified_gmt":"2025-06-23T12:18:36","slug":"camp-lejeune-claims","status":"publish","type":"page","link":"https:\/\/russellandhill.com\/es\/camp-lejeune-claims\/","title":{"rendered":"Reclamaciones de Camp Lejeune"},"content":{"rendered":"<h2>Abogado de reclamaciones por contaminaci\u00f3n del agua de Camp Lejeune<\/h2>\n<p align=\"left\">La Base del Cuerpo de Marines de Camp Lejeune en Jacksonville, Carolina del Norte, ha sido objeto de controversia durante d\u00e9cadas. Entre 1953 y 1987, muchas personas que estuvieron destinadas, vivieron o trabajaron all\u00ed podr\u00edan haber ingerido o se ba\u00f1ado en agua del grifo contaminada. Como resultado, podr\u00edan haber desarrollado diversas afecciones de salud.<\/p>\n<p align=\"left\">\u00bfTrabaj\u00f3 o vivi\u00f3 en Camp Lejeune entre agosto de 1953 y diciembre de 1987? \u00bfSu estancia en Camp Lejeune ascendi\u00f3 a al menos 30 d\u00edas? \u00bfTiene motivos para creer que su salud o la de su hijo\/a se ha visto perjudicada por el consumo o la exposici\u00f3n a agua contaminada?<\/p>\n<p align=\"left\">De ser as\u00ed, podr\u00eda tener derecho a una compensaci\u00f3n econ\u00f3mica. Consulte su caso con un abogado especializado en demandas por contaminaci\u00f3n del agua en Camp Lejeune de Russell &amp; Hill \u2013 Abogados de Lesiones y Accidentes para obtener m\u00e1s informaci\u00f3n sobre sus posibles opciones legales.<\/p>\n<h2 class=\"western\">Informaci\u00f3n esencial sobre la contaminaci\u00f3n del agua en Camp Lejeune<\/h2>\n<p align=\"left\">El an\u00e1lisis del suministro de agua en Camp Lejeune en la d\u00e9cada de 1980 revel\u00f3 la presencia de altos niveles de ciertos compuestos org\u00e1nicos vol\u00e1tiles (COV).<\/p>\n<ul>\n<li>\n<p align=\"left\">Tricloroetileno (TCE)<\/p>\n<\/li>\n<li>\n<p align=\"left\">Percloroetileno (PCE)<\/p>\n<\/li>\n<li>\n<p align=\"left\">Benceno<\/p>\n<\/li>\n<li>\n<p align=\"left\">cloruro de vinilo<\/p>\n<\/li>\n<\/ul>\n<p align=\"left\">Al parecer, estos COV se mezclaron con las aguas subterr\u00e1neas debido a pr\u00e1cticas inadecuadas de eliminaci\u00f3n. Lamentablemente, no fue hasta 1999 que las personas y familias potencialmente afectadas por la exposici\u00f3n al agua contaminada de Camp Lejeune fueron informadas de que sus problemas de salud podr\u00edan haber sido causados por el agua contaminada.<\/p>\n<p align=\"left\">Ahora, gracias a la Ley de Justicia de Camp Lejeune, las v\u00edctimas y sus seres queridos pueden solicitar una indemnizaci\u00f3n por las p\u00e9rdidas sufridas debido al consumo o la exposici\u00f3n a aguas nocivas en el lugar. Para saber si tiene derecho a una indemnizaci\u00f3n, consulte con un abogado especializado en demandas por contaminaci\u00f3n del agua de Camp Lejeune.<\/p>\n<h2 class=\"western\"><a name=\"_ahwytn719orz\"><\/a>Problemas de salud asociados con el agua contaminada en Camp Lejeune<\/h2>\n<p align=\"left\">Quienes ingirieron o se ba\u00f1aron en el agua contaminada de Camp Lejeune pueden haber desarrollado problemas de salud como los siguientes:<\/p>\n<ul>\n<li>\n<p align=\"left\">Leucemia mieloide aguda (LMA)<\/p>\n<\/li>\n<li>\n<p align=\"left\">c\u00e1ncer de vejiga<\/p>\n<\/li>\n<li>\n<p align=\"left\">c\u00e1ncer cerebral<\/p>\n<\/li>\n<li>\n<p align=\"left\">C\u00e1ncer de mama<\/p>\n<\/li>\n<li>\n<p align=\"left\">C\u00e1ncer del sistema nervioso central (SNC).<\/p>\n<\/li>\n<li>\n<p align=\"left\">C\u00e1ncer de cuello uterino<\/p>\n<\/li>\n<li>\n<p align=\"left\">c\u00e1ncer de es\u00f3fago<\/p>\n<\/li>\n<li>\n<p align=\"left\">linfoma de Hodgkin<\/p>\n<\/li>\n<li>\n<p align=\"left\">c\u00e1ncer de ri\u00f1\u00f3n<\/p>\n<\/li>\n<li>\n<p align=\"left\">Leucemia<\/p>\n<\/li>\n<li>\n<p align=\"left\">c\u00e1ncer de h\u00edgado<\/p>\n<\/li>\n<li>\n<p align=\"left\">c\u00e1ncer de pulm\u00f3n<\/p>\n<\/li>\n<li>\n<p align=\"left\">S\u00edndrome mielodispl\u00e1sico<\/p>\n<\/li>\n<li>\n<p align=\"left\">Mieloma m\u00faltiple<\/p>\n<\/li>\n<li>\n<p align=\"left\">Linfoma no Hodgkin<\/p>\n<\/li>\n<li>\n<p align=\"left\">c\u00e1ncer de ovario<\/p>\n<\/li>\n<li>\n<p align=\"left\">c\u00e1ncer de pr\u00f3stata<\/p>\n<\/li>\n<li>\n<p align=\"left\">c\u00e1ncer de recto<\/p>\n<\/li>\n<\/ul>\n<p align=\"left\">Esta lista puede no ser exhaustiva. Tambi\u00e9n es posible que algunos ni\u00f1os se hayan visto afectados por el agua contaminada durante su embarazo si sus madres vivieron o trabajaron en Camp Lejeune.<\/p>\n<p align=\"left\">No asuma autom\u00e1ticamente que no podr\u00e1 obtener una indemnizaci\u00f3n si una afecci\u00f3n m\u00e9dica que usted o un ser querido desarroll\u00f3 tras una posible exposici\u00f3n al agua contaminada de Camp Lejeune no figura en la lista anterior. Aun as\u00ed, vale la pena programar una consulta con un bufete especializado en demandas por contaminaci\u00f3n del agua de Camp Lejeune. Nuestros expertos revisar\u00e1n los detalles de su caso y determinar\u00e1n si tiene motivos para solicitar una indemnizaci\u00f3n por sus gastos m\u00e9dicos, p\u00e9rdida de ingresos y otras p\u00e9rdidas y da\u00f1os asociados con sus complicaciones de salud.<\/p>\n<h2 class=\"western\"><a name=\"_6ps6pornn7c7\"><\/a>Contacte con un abogado especializado en demandas por contaminaci\u00f3n del agua en Camp Lejeune<\/h2>\n<p align=\"left\">Es lamentable que quienes sirvieron a nuestro pa\u00eds y a sus familias hayan enfermado o incluso fallecido debido a que la contaminaci\u00f3n del agua en Camp Lejeune permaneci\u00f3 sin resolver durante a\u00f1os. Si ha sufrido da\u00f1os por ingerir o ba\u00f1arse en el agua de Camp Lejeune, merece una compensaci\u00f3n.<\/p>\n<p align=\"left\">Sus posibilidades de recuperar lo que le corresponde ser\u00e1n mayores si cuenta con la representaci\u00f3n de un abogado especializado en demandas por contaminaci\u00f3n del agua en Camp Lejeune. En Russell &amp; Hill, estamos preparados para ayudarle a obtener justicia. Inf\u00f3rmese sobre lo que podemos hacer por usted llam\u00e1ndonos hoy mismo al 800-529-0842 para una consulta gratuita.<\/p>","protected":false},"excerpt":{"rendered":"<p>Camp Lejeune Water Contamination Claims Attorney Marine Corps Base Camp Lejeune in Jacksonville, North Carolina has been the subject of controversy for decades. Between 1953 and 1987, many who were stationed at, lived at, or worked at Camp Lejeune may have ingested and\/or bathed in contaminated tap water. As a result, they might have developed<\/p>","protected":false},"author":16,"featured_media":0,"parent":0,"menu_order":0,"comment_status":"closed","ping_status":"closed","template":"","meta":{"_acf_changed":false,"footnotes":""},"class_list":["post-11310","page","type-page","status-publish","hentry"],"acf":[],"_links":{"self":[{"href":"https:\/\/russellandhill.com\/es\/wp-json\/wp\/v2\/pages\/11310","targetHints":{"allow":["GET"]}}],"collection":[{"href":"https:\/\/russellandhill.com\/es\/wp-json\/wp\/v2\/pages"}],"about":[{"href":"https:\/\/russellandhill.com\/es\/wp-json\/wp\/v2\/types\/page"}],"author":[{"embeddable":true,"href":"https:\/\/russellandhill.com\/es\/wp-json\/wp\/v2\/users\/16"}],"replies":[{"embeddable":true,"href":"https:\/\/russellandhill.com\/es\/wp-json\/wp\/v2\/comments?post=11310"}],"version-history":[{"count":0,"href":"https:\/\/russellandhill.com\/es\/wp-json\/wp\/v2\/pages\/11310\/revisions"}],"wp:attachment":[{"href":"https:\/\/russellandhill.com\/es\/wp-json\/wp\/v2\/media?parent=11310"}],"curies":[{"name":"gracias","href":"https:\/\/api.w.org\/{rel}","templated":true}]}}