{"id":1665,"date":"2018-12-20T07:17:24","date_gmt":"2018-12-20T07:17:24","guid":{"rendered":"https:\/\/russellhlive.wpenginepowered.com\/?page_id=1665"},"modified":"2025-08-26T18:37:19","modified_gmt":"2025-08-26T18:37:19","slug":"insurance-claim-disputes","status":"publish","type":"page","link":"https:\/\/russellandhill.com\/es\/insurance-claim-disputes\/","title":{"rendered":"Disputas sobre reclamaciones de seguros"},"content":{"rendered":"<p><img decoding=\"async\" class=\"aligncenter wp-image-1667 size-full\" src=\"https:\/\/russellandhill.com\/wp-content\/uploads\/2018\/12\/Insurance-Claim-Disputes-Russell-Hill-PLLC-2.png\" alt=\"Russell &amp; Hill - Injury &amp; Accident Attorneys\" width=\"600\" height=\"196\" srcset=\"https:\/\/russellandhill.com\/wp-content\/uploads\/2018\/12\/Insurance-Claim-Disputes-Russell-Hill-PLLC-2.png 600w, https:\/\/russellandhill.com\/wp-content\/uploads\/2018\/12\/Insurance-Claim-Disputes-Russell-Hill-PLLC-2-300x98.png 300w, https:\/\/russellandhill.com\/wp-content\/uploads\/2018\/12\/Insurance-Claim-Disputes-Russell-Hill-PLLC-2-20x7.png 20w\" sizes=\"(max-width: 600px) 100vw, 600px\" \/><\/p>\n<h2>Protecci\u00f3n de clientes en disputas por reclamaciones de seguros de autom\u00f3vil<\/h2>\n<p>Si tiene preguntas sobre una disputa por un reclamo de seguro, comun\u00edquese con Russell &amp; Hill \u2013 Abogados de lesiones y accidentes, que atienden a Portland, Oregon, Everett, Spokane, Vancouver, Washington y las \u00e1reas circundantes de Washington y Oregon, completando y enviando por correo electr\u00f3nico nuestro Formulario de evaluaci\u00f3n de caso o llame a nuestro n\u00famero gratuito al <a href=\"tel:800-529-0842\">800-529-0842<\/a> para programar una consulta inicial gratuita.<\/p>\n<p><img decoding=\"async\" class=\"aligncenter wp-image-13663 size-full\" src=\"https:\/\/russellandhill.com\/wp-content\/uploads\/2018\/12\/personal-injury-evaluation-1-3.webp\" alt=\"Russell &amp; Hill - Injury &amp; Accident Attorneys\" width=\"600\" height=\"238\" srcset=\"https:\/\/russellandhill.com\/wp-content\/uploads\/2018\/12\/personal-injury-evaluation-1-3.webp 600w, https:\/\/russellandhill.com\/wp-content\/uploads\/2018\/12\/personal-injury-evaluation-1-3-300x119.webp 300w\" sizes=\"(max-width: 600px) 100vw, 600px\" \/><\/p>\n<p>Los peritos de seguros revisan regularmente montones de reclamaciones por lesiones personales. Tras revisar miles de reclamaciones, pueden perder la capacidad de percibir el impacto emocional que estas puedan tener, incluso las que involucran lesiones catastr\u00f3ficas y muertes. Nuestro trabajo es mantenerlos comprometidos.<\/p>\n<p>En Russell &amp; Hill \u2013 Abogados de Lesiones y Accidentes, nuestros abogados son litigantes con amplia experiencia y est\u00e1n comprometidos a ayudar a las personas involucradas en disputas por lesiones personales y reclamos de seguros de auto. Nuestro enfoque es dedicar todo el trabajo y los recursos necesarios para que las compa\u00f1\u00edas de seguros lo traten como una persona con derechos, no como un reclamo m\u00e1s en su lista.<\/p>\n<p>Usted pag\u00f3 las primas de su seguro para estar protegido cuando necesitara presentar una reclamaci\u00f3n. Si su compa\u00f1\u00eda de seguros no acepta brindarle cobertura m\u00e9dica completa para su atenci\u00f3n inmediata y a largo plazo ni compensarlo por la p\u00e9rdida de ingresos, el dolor y el sufrimiento, y otras p\u00e9rdidas, podemos ayudarle.<\/p>\n<h3>Abogados litigantes con experiencia que trabajan directamente con usted<\/h3>\n<p>Las compa\u00f1\u00edas de seguros nos toman en serio, ya que preparamos cada caso para el \u00e9xito en el juicio. As\u00ed como este nivel de preparaci\u00f3n y atenci\u00f3n al detalle son eficaces en las reclamaciones por lesiones personales, nos permiten defender con fervor a quienes participan en disputas de seguros de auto.<\/p>\n<p>Gestionamos rutinariamente reclamaciones de personas involucradas en accidentes automovil\u00edsticos y otros incidentes en los que la cobertura del seguro es un problema:<\/p>\n<ul>\n<li>Accidentes de coche<\/li>\n<li>Accidentes de camiones<\/li>\n<li>Accidentes de motocicleta<\/li>\n<li>Accidentes de peatones y ciclistas<\/li>\n<li>Accidentes por resbalones y ca\u00eddas<\/li>\n<li>Accidentes en obras de construcci\u00f3n<\/li>\n<\/ul>\n<p>Ya sea que estemos gestionando una reclamaci\u00f3n por lesiones personales desde el principio o resolviendo una disputa sobre la cobertura del seguro, nuestro enfoque es el mismo. Nuestros abogados se aseguran de que todos los elementos est\u00e9n en su lugar para demostrar la culpa y la magnitud de las lesiones y p\u00e9rdidas de nuestros clientes.<\/p>\n<p>Si la compa\u00f1\u00eda de seguros disputa que su cliente tuvo la culpa, realizamos una investigaci\u00f3n y an\u00e1lisis exhaustivo del accidente, a menudo trabajando con reconstruccionistas de escenas de accidentes, para demostrar exactamente lo que sucedi\u00f3 y establecer la responsabilidad.<\/p>\n<p>Si un ajustador de seguros est\u00e1 disputando da\u00f1os u ofreciendo un acuerdo que no ser\u00e1 adecuado para cubrir todos sus gastos, estableceremos cada detalle de las p\u00e9rdidas inmediatas y a largo plazo que se reclaman.<\/p>\n<p>Incorporamos evidencia m\u00e9dica de los m\u00e9dicos de nuestros clientes para ilustrar la gravedad de las lesiones y demostrar la necesidad de futuras cirug\u00edas, fisioterapia, atenci\u00f3n m\u00e9dica en el hogar y otros costos. Nuestros abogados tambi\u00e9n colaboran con expertos vocacionales para establecer los hechos cuando los accidentes limitan la capacidad laboral de nuestros clientes.<\/p>\n<p>Si su compa\u00f1\u00eda de seguros est\u00e1 retrasando o negando su reclamo de mala fe, centraremos nuestros esfuerzos en obtener una cobertura total hasta los l\u00edmites de su p\u00f3liza y en buscar cualquier da\u00f1o adicional apropiado.<\/p>\n<p>Para saber c\u00f3mo podemos ayudarle con su disputa de reclamo de seguro, <a href=\"https:\/\/russellandhill.com\/es\/contact\/\">Contacte con Russell &amp; Hill<\/a>, sirviendo a Portland, Oregon, Everett, Spokane, Vancouver, Washington y las \u00e1reas circundantes de Washington y Oregon, completando y enviando por correo electr\u00f3nico nuestro Formulario de evaluaci\u00f3n de caso o llamando a nuestro n\u00famero gratuito al <a href=\"tel:800-529-0842\">800-529-0842 <\/a>para programar una consulta inicial gratuita.<\/p>\n<p><a href=\"#down-foot\"><img decoding=\"async\" class=\"aligncenter wp-image-1666 size-full\" src=\"https:\/\/russellandhill.com\/wp-content\/uploads\/2018\/12\/2-personal-injury-evaluation-1-3.png\" alt=\"Russell &amp; Hill - Injury &amp; Accident Attorneys\" width=\"600\" height=\"238\" srcset=\"https:\/\/russellandhill.com\/wp-content\/uploads\/2018\/12\/2-personal-injury-evaluation-1-3.png 600w, https:\/\/russellandhill.com\/wp-content\/uploads\/2018\/12\/2-personal-injury-evaluation-1-3-300x119.png 300w, https:\/\/russellandhill.com\/wp-content\/uploads\/2018\/12\/2-personal-injury-evaluation-1-3-20x8.png 20w\" sizes=\"(max-width: 600px) 100vw, 600px\" \/><\/a><\/p>\n<ul>\n<li><strong>Disputas sobre reclamaciones de seguros<\/strong><\/li>\n<li>Consultas iniciales gratuitas<\/li>\n<li>Citas entre semana, por la tarde y en fin de semana.<\/li>\n<li>Consultas telef\u00f3nicas las 24 horas en caso de urgencias.<\/li>\n<li>Interno <em><strong>Traducci\u00f3n al espa\u00f1ol<\/strong><\/em><\/li>\n<\/ul>\n<p><strong>Otros servicios de lesiones personales<\/strong><\/p>\n<ul>\n<li><a href=\"https:\/\/russellandhill.com\/es\/areas-we-serve\/seattle\/dog-bite-lawyer\/\">mordeduras de perro<\/a><\/li>\n<li><a title=\"Accidente de coche\" href=\"https:\/\/russellandhill.com\/es\/areas-we-serve\/everett\/car-accident-lawyer\/\">Accidente de coche<\/a><\/li>\n<li><a title=\"accidente de bicicleta\" href=\"https:\/\/russellandhill.com\/es\/areas-we-serve\/seattle\/bicycle-accident-lawyer\/\">accidente de bicicleta<\/a><\/li>\n<li><a title=\"Accidente de motocicleta\" href=\"https:\/\/russellandhill.com\/es\/areas-we-serve\/seattle\/motorcycle-accident-lawyer\/\">Accidente de motocicleta<\/a><\/li>\n<li><a title=\"Accidente de peat\u00f3n\" href=\"https:\/\/russellandhill.com\/es\/areas-we-serve\/seattle\/pedestrian-accident-lawyer\/\">Accidente de peat\u00f3n<\/a><\/li>\n<li><a title=\"Accidente de responsabilidad civil de locales\" href=\"https:\/\/russellandhill.com\/es\/areas-we-serve\/seattle\/premises-liability-lawyer\/\">Accidente de responsabilidad civil de locales<\/a><\/li>\n<li><a title=\"Accidente en una obra de construcci\u00f3n\" href=\"https:\/\/russellandhill.com\/es\/areas-we-serve\/seattle\/construction-accident-lawyer\/\">Accidente en una obra de construcci\u00f3n<\/a><\/li>\n<li><a title=\"Accidente de cami\u00f3n comercial\" href=\"https:\/\/russellandhill.com\/es\/areas-we-serve\/seattle\/truck-accident-lawyer\/\">Accidente de cami\u00f3n comercial<\/a><\/li>\n<\/ul>\n<p><strong>Ubicaciones de oficinas<\/strong><\/p>\n<ul>\n<li><a href=\"https:\/\/russellandhill.com\/es\/\">Everett<\/a><\/li>\n<li><a href=\"https:\/\/russellandhill.com\/es\/areas-we-serve\/vancouver\/personal-injury-lawyer\/\">Vancouver<\/a><\/li>\n<li>Portland<\/li>\n<li><a href=\"https:\/\/russellandhill.com\/es\/areas-we-serve\/spokane\/personal-injury-lawyer\/\">Spokane<\/a><\/li>\n<\/ul>","protected":false},"excerpt":{"rendered":"<p>Protecting Clients With Car Insurance Claim Disputes If you have questions about an insurance claim dispute, contact Russell &amp; Hill &#8211; Injury &amp; Accident Attorneys, serving Portland, Oregon, Everett, Spokane, Vancouver, Washington and the surrounding parts of Washington and Oregon, by filling out and emailing our Case Evaluation Form or call our toll-free number at<\/p>","protected":false},"author":16,"featured_media":0,"parent":0,"menu_order":0,"comment_status":"closed","ping_status":"closed","template":"","meta":{"_acf_changed":false,"footnotes":""},"class_list":["post-1665","page","type-page","status-publish","hentry"],"acf":[],"_links":{"self":[{"href":"https:\/\/russellandhill.com\/es\/wp-json\/wp\/v2\/pages\/1665","targetHints":{"allow":["GET"]}}],"collection":[{"href":"https:\/\/russellandhill.com\/es\/wp-json\/wp\/v2\/pages"}],"about":[{"href":"https:\/\/russellandhill.com\/es\/wp-json\/wp\/v2\/types\/page"}],"author":[{"embeddable":true,"href":"https:\/\/russellandhill.com\/es\/wp-json\/wp\/v2\/users\/16"}],"replies":[{"embeddable":true,"href":"https:\/\/russellandhill.com\/es\/wp-json\/wp\/v2\/comments?post=1665"}],"version-history":[{"count":0,"href":"https:\/\/russellandhill.com\/es\/wp-json\/wp\/v2\/pages\/1665\/revisions"}],"wp:attachment":[{"href":"https:\/\/russellandhill.com\/es\/wp-json\/wp\/v2\/media?parent=1665"}],"curies":[{"name":"gracias","href":"https:\/\/api.w.org\/{rel}","templated":true}]}}