{"id":25,"date":"2018-12-03T06:01:37","date_gmt":"2018-12-03T06:01:37","guid":{"rendered":"https:\/\/russellhlive.wpenginepowered.com\/?page_id=25"},"modified":"2025-12-08T16:16:52","modified_gmt":"2025-12-08T16:16:52","slug":"our-firm","status":"publish","type":"page","link":"https:\/\/russellandhill.com\/es\/our-firm\/","title":{"rendered":"Nuestra Firma"},"content":{"rendered":"<p>En Russell &amp; Hill, organizamos nuestra firma para facilitarle al m\u00e1ximo la consulta con un abogado sobre su problema legal. Sabemos que la mayor\u00eda de las personas solo recurren a los abogados despu\u00e9s de un incidente grave. Creemos que hablar con un abogado no deber\u00eda aumentar su estr\u00e9s; m\u00e1s bien, deber\u00eda ser el primer paso para resolver su problema legal de la manera m\u00e1s r\u00e1pida y eficaz posible. Si necesita un abogado experimentado y atento en los condados de Snohomish o Spokane, ll\u00e1menos. <strong>Matt Russell y Jim Hill<\/strong><\/p>","protected":false},"excerpt":{"rendered":"<p>En Russell &amp; Hill, organizamos nuestra firma para que sea lo m\u00e1s f\u00e1cil posible consultar con un abogado sobre su problema legal. Sabemos que la mayor\u00eda de las personas solo recurren a abogados despu\u00e9s de un incidente grave. Creemos que hablar con un abogado no deber\u00eda aumentar su estr\u00e9s; al contrario, deber\u00eda...<\/p>","protected":false},"author":16,"featured_media":77,"parent":0,"menu_order":0,"comment_status":"closed","ping_status":"closed","template":"","meta":{"_acf_changed":false,"footnotes":""},"class_list":["post-25","page","type-page","status-publish","has-post-thumbnail","hentry"],"acf":[],"_links":{"self":[{"href":"https:\/\/russellandhill.com\/es\/wp-json\/wp\/v2\/pages\/25","targetHints":{"allow":["GET"]}}],"collection":[{"href":"https:\/\/russellandhill.com\/es\/wp-json\/wp\/v2\/pages"}],"about":[{"href":"https:\/\/russellandhill.com\/es\/wp-json\/wp\/v2\/types\/page"}],"author":[{"embeddable":true,"href":"https:\/\/russellandhill.com\/es\/wp-json\/wp\/v2\/users\/16"}],"replies":[{"embeddable":true,"href":"https:\/\/russellandhill.com\/es\/wp-json\/wp\/v2\/comments?post=25"}],"version-history":[{"count":0,"href":"https:\/\/russellandhill.com\/es\/wp-json\/wp\/v2\/pages\/25\/revisions"}],"wp:featuredmedia":[{"embeddable":true,"href":"https:\/\/russellandhill.com\/es\/wp-json\/wp\/v2\/media\/77"}],"wp:attachment":[{"href":"https:\/\/russellandhill.com\/es\/wp-json\/wp\/v2\/media?parent=25"}],"curies":[{"name":"gracias","href":"https:\/\/api.w.org\/{rel}","templated":true}]}}