{"id":28,"date":"2018-12-03T06:02:10","date_gmt":"2018-12-03T06:02:10","guid":{"rendered":"https:\/\/russellhlive.wpenginepowered.com\/?page_id=28"},"modified":"2025-06-20T10:55:58","modified_gmt":"2025-06-20T10:55:58","slug":"attorneys-services","status":"publish","type":"page","link":"https:\/\/russellandhill.com\/es\/attorneys-services\/","title":{"rendered":"Servicios"},"content":{"rendered":"<p>En\u00a0<strong>Russell &amp; Hill \u2013 Abogados de lesiones y accidentes<\/strong>, nuestro\u00a0<a href=\"https:\/\/russellandhill.com\/es\/our-team\/\">abogados<\/a>\u00a0Nos especializamos en lesiones personales, defensa penal y reclamos y apelaciones de discapacidad del Seguro Social (SSDI\/SSI). Hemos ayudado a miles de personas en el noroeste del Pac\u00edfico (Washington, Oreg\u00f3n e Idaho) a resolver asuntos legales relacionados con accidentes automovil\u00edsticos, lesiones personales, delitos menores y graves, infracciones de tr\u00e1nsito, Derecho Mar\u00edtimo, Ley Jones y reclamos y apelaciones de SSDI\/SSI.<\/p>","protected":false},"excerpt":{"rendered":"<p>En Russell &amp; Hill \u2013 Abogados de Lesiones y Accidentes, nuestros abogados se especializan en lesiones personales, defensa penal y reclamos y apelaciones de discapacidad del Seguro Social (SSDI\/SSI). Hemos ayudado a miles de personas en el Noroeste del Pac\u00edfico (Washington, Oreg\u00f3n e Idaho) a resolver asuntos legales relacionados con accidentes automovil\u00edsticos, lesiones personales, asuntos penales (delitos menores y mayores), infracciones de tr\u00e1nsito, Derecho Mar\u00edtimo, Ley Jones,<\/p>","protected":false},"author":16,"featured_media":0,"parent":0,"menu_order":0,"comment_status":"closed","ping_status":"closed","template":"","meta":{"_acf_changed":false,"footnotes":""},"class_list":["post-28","page","type-page","status-publish","hentry"],"acf":[],"_links":{"self":[{"href":"https:\/\/russellandhill.com\/es\/wp-json\/wp\/v2\/pages\/28","targetHints":{"allow":["GET"]}}],"collection":[{"href":"https:\/\/russellandhill.com\/es\/wp-json\/wp\/v2\/pages"}],"about":[{"href":"https:\/\/russellandhill.com\/es\/wp-json\/wp\/v2\/types\/page"}],"author":[{"embeddable":true,"href":"https:\/\/russellandhill.com\/es\/wp-json\/wp\/v2\/users\/16"}],"replies":[{"embeddable":true,"href":"https:\/\/russellandhill.com\/es\/wp-json\/wp\/v2\/comments?post=28"}],"version-history":[{"count":0,"href":"https:\/\/russellandhill.com\/es\/wp-json\/wp\/v2\/pages\/28\/revisions"}],"wp:attachment":[{"href":"https:\/\/russellandhill.com\/es\/wp-json\/wp\/v2\/media?parent=28"}],"curies":[{"name":"gracias","href":"https:\/\/api.w.org\/{rel}","templated":true}]}}