{"id":35,"date":"2018-12-03T06:05:04","date_gmt":"2018-12-03T06:05:04","guid":{"rendered":"https:\/\/russellhlive.wpenginepowered.com\/?page_id=35"},"modified":"2025-12-08T15:17:34","modified_gmt":"2025-12-08T15:17:34","slug":"contact","status":"publish","type":"page","link":"https:\/\/russellandhill.com\/es\/contact\/","title":{"rendered":"Cont\u00e1ctenos"},"content":{"rendered":"<h2>OBTENGA LA COMPENSACI\u00d3N QUE SE MERECE<\/h2>\n<h3>El equipo de Russell &amp; Hill \u2013 Abogados de lesiones y accidentes est\u00e1 listo para trabajar para usted.<\/h3>\n<p>\u00bfHa sufrido una lesi\u00f3n, le han negado beneficios por discapacidad o ha sido acusado de un delito? Ll\u00e1menos hoy mismo para una consulta gratuita. Nuestro equipo dedicado est\u00e1 aqu\u00ed para escuchar su historia y defender sus derechos. Reciba la ayuda que merece ahora.<\/p>\n<p><a class=\"btn round-btn\" href=\"tel:8005290842\">1-800-529-0842<\/a><\/p>","protected":false},"excerpt":{"rendered":"<p>OBTENGA LA COMPENSACI\u00d3N QUE MERECE. El equipo de Russell &amp; Hill \u2013 Abogados de Lesiones y Accidentes est\u00e1 listo para trabajar para usted. \u00bfHa sufrido una lesi\u00f3n, le han negado beneficios por discapacidad o ha sido acusado de un delito? Ll\u00e1menos hoy mismo para una consulta gratuita. Nuestro dedicado equipo est\u00e1 aqu\u00ed para escuchar su historia y luchar por...<\/p>","protected":false},"author":16,"featured_media":0,"parent":0,"menu_order":0,"comment_status":"closed","ping_status":"closed","template":"","meta":{"_acf_changed":false,"footnotes":""},"class_list":["post-35","page","type-page","status-publish","hentry"],"acf":[],"_links":{"self":[{"href":"https:\/\/russellandhill.com\/es\/wp-json\/wp\/v2\/pages\/35","targetHints":{"allow":["GET"]}}],"collection":[{"href":"https:\/\/russellandhill.com\/es\/wp-json\/wp\/v2\/pages"}],"about":[{"href":"https:\/\/russellandhill.com\/es\/wp-json\/wp\/v2\/types\/page"}],"author":[{"embeddable":true,"href":"https:\/\/russellandhill.com\/es\/wp-json\/wp\/v2\/users\/16"}],"replies":[{"embeddable":true,"href":"https:\/\/russellandhill.com\/es\/wp-json\/wp\/v2\/comments?post=35"}],"version-history":[{"count":0,"href":"https:\/\/russellandhill.com\/es\/wp-json\/wp\/v2\/pages\/35\/revisions"}],"wp:attachment":[{"href":"https:\/\/russellandhill.com\/es\/wp-json\/wp\/v2\/media?parent=35"}],"curies":[{"name":"gracias","href":"https:\/\/api.w.org\/{rel}","templated":true}]}}