{"id":358,"date":"2018-12-07T10:42:41","date_gmt":"2018-12-07T10:42:41","guid":{"rendered":"https:\/\/russellhlive.wpenginepowered.com\/?page_id=358"},"modified":"2025-03-07T22:24:04","modified_gmt":"2025-03-07T22:24:04","slug":"disclaimer","status":"publish","type":"page","link":"https:\/\/russellandhill.com\/es\/disclaimer\/","title":{"rendered":"Descargo de responsabilidad"},"content":{"rendered":"<p>Este sitio web se ofrece como recurso de informaci\u00f3n general para el p\u00fablico. La informaci\u00f3n de estas p\u00e1ginas web no pretende servir como asesoramiento legal ni como garant\u00eda o predicci\u00f3n sobre el resultado de ning\u00fan asunto legal en particular. La informaci\u00f3n aqu\u00ed contenida es \u00fanicamente para fines informativos y no crea una relaci\u00f3n abogado-cliente.<\/p>","protected":false},"excerpt":{"rendered":"<p>Este sitio web se ofrece como recurso de informaci\u00f3n general para el p\u00fablico. La informaci\u00f3n contenida en estas p\u00e1ginas web no pretende servir como asesoramiento legal ni como garant\u00eda o predicci\u00f3n sobre el resultado de ning\u00fan asunto legal en particular. La informaci\u00f3n aqu\u00ed contenida es solo para fines informativos y no crea<\/p>","protected":false},"author":16,"featured_media":0,"parent":0,"menu_order":0,"comment_status":"closed","ping_status":"closed","template":"page-template\/full-width-template.php","meta":{"_acf_changed":false,"footnotes":""},"class_list":["post-358","page","type-page","status-publish","hentry"],"acf":[],"_links":{"self":[{"href":"https:\/\/russellandhill.com\/es\/wp-json\/wp\/v2\/pages\/358","targetHints":{"allow":["GET"]}}],"collection":[{"href":"https:\/\/russellandhill.com\/es\/wp-json\/wp\/v2\/pages"}],"about":[{"href":"https:\/\/russellandhill.com\/es\/wp-json\/wp\/v2\/types\/page"}],"author":[{"embeddable":true,"href":"https:\/\/russellandhill.com\/es\/wp-json\/wp\/v2\/users\/16"}],"replies":[{"embeddable":true,"href":"https:\/\/russellandhill.com\/es\/wp-json\/wp\/v2\/comments?post=358"}],"version-history":[{"count":0,"href":"https:\/\/russellandhill.com\/es\/wp-json\/wp\/v2\/pages\/358\/revisions"}],"wp:attachment":[{"href":"https:\/\/russellandhill.com\/es\/wp-json\/wp\/v2\/media?parent=358"}],"curies":[{"name":"gracias","href":"https:\/\/api.w.org\/{rel}","templated":true}]}}