{"id":3626,"date":"2019-02-20T08:56:06","date_gmt":"2019-02-20T08:56:06","guid":{"rendered":"https:\/\/russellhlive.wpenginepowered.com\/?page_id=3626"},"modified":"2025-03-26T22:56:49","modified_gmt":"2025-03-26T22:56:49","slug":"dui","status":"publish","type":"page","link":"https:\/\/russellandhill.com\/es\/dui\/","title":{"rendered":"Recursos para DUI"},"content":{"rendered":"<h2>Conducir con un nivel de alcohol en sangre igual o superior a 0,08 % es un delito.<\/h2>\n<p>Conducir bajo la influencia del alcohol (DUI) o en estado de ebriedad (DWI) es uno de los delitos de conducci\u00f3n m\u00e1s graves en Washington. Existen otros delitos de conducci\u00f3n, pero el cargo de DUI\/DWI tiene consecuencias muy graves y probablemente tenga graves consecuencias para su futuro. Conducir con un nivel de alcohol en sangre igual o superior a 0.08 % es un delito y su licencia de conducir puede ser suspendida o revocada si es condenado. Tambi\u00e9n puede aumentar su... <a href=\"https:\/\/www.progressive.com\/answers\/dui-and-insurance\/\" target=\"_blank\" rel=\"noopener\">seguro de veh\u00edculos<\/a> costos y fuertes multas.<\/p>\n<h2>Recursos para DUI<\/h2>\n<h3>Recursos del Departamento de Licencias del Estado de Washington<\/h3>\n<ul>\n<li><a href=\"https:\/\/dol.wa.gov\/driver-licenses-and-permits\/driving-records\" target=\"_blank\" rel=\"nofollow noopener noreferrer\">historial de conducci\u00f3n<\/a><\/li>\n<li><a href=\"https:\/\/dol.wa.gov\/driver-licenses-and-permits\/suspended-license\/requesting-and-preparing-driver-hearing\" target=\"_blank\" rel=\"nofollow noopener noreferrer\">Audiencias<\/a><\/li>\n<li><a href=\"https:\/\/dol.wa.gov\/driver-licenses-and-permits\/suspended-license\/types-driver-license-suspensions\" target=\"_blank\" rel=\"nofollow noopener noreferrer\">Tipos de suspensiones<\/a><\/li>\n<li><a href=\"https:\/\/dol.wa.gov\/driver-licenses-and-permits\/suspended-license\/types-driver-license-suspensions\/dui-driving-under-influence\" target=\"_blank\" rel=\"nofollow noopener noreferrer\">Conducir bajo los efectos del alcohol<\/a><\/li>\n<li><a href=\"https:\/\/dol.wa.gov\/driver-licenses-and-permits\/suspended-license\/types-driver-license-suspensions\/minor-possession\" target=\"_blank\" rel=\"nofollow noopener noreferrer\">Menor en posesi\u00f3n<\/a><\/li>\n<li><a href=\"https:\/\/dol.wa.gov\/driver-licenses-and-permits\/suspended-license\/types-driver-license-suspensions\/financial-responsibility-sr-22\" target=\"_blank\" rel=\"nofollow noopener noreferrer\">Responsabilidad financiera<\/a><\/li>\n<li><a href=\"https:\/\/dol.wa.gov\/driver-licenses-and-permits\/suspended-license\/types-driver-license-suspensions\/restricted-driver-licenses\" target=\"_blank\" rel=\"nofollow noopener noreferrer\">Licencia de conducir restringida<\/a>\n<ul>\n<li><a href=\"https:\/\/dol.wa.gov\/driver-licenses-and-permits\/suspended-license\/types-driver-license-suspensions\/restricted-driver-licenses\/ignition-interlock-driver-license-iil\" target=\"_blank\" rel=\"nofollow noopener noreferrer\">Licencia de conducir con bloqueo de encendido<\/a><\/li>\n<li><a href=\"https:\/\/dol.wa.gov\/driver-licenses-and-permits\/suspended-license\/types-driver-license-suspensions\/restricted-driver-licenses\/occupationalrestricted-driver-license-orl\" target=\"_blank\" rel=\"nofollow noopener noreferrer\">Licencia de conducir ocupacional\/restringida<\/a><\/li>\n<\/ul>\n<\/li>\n<li><a href=\"https:\/\/dol.wa.gov\/driver-licenses-and-permits\/suspended-license\/ignition-interlock-device-iid\" target=\"_blank\" rel=\"nofollow noopener noreferrer\">Dispositivo de bloqueo de encendido<\/a><\/li>\n<\/ul>\n<h3>Otros recursos sobre DUI<\/h3>\n<ul>\n<li><a href=\"https:\/\/app.leg.wa.gov\/RCW\/default.aspx?cite=46.61.502\" target=\"_blank\" rel=\"nofollow noopener noreferrer\">Leyes de DUI (RCW)<\/a><\/li>\n<li><a href=\"https:\/\/app.leg.wa.gov\/rcw\/default.aspx?cite=46.20.308\" target=\"_blank\" rel=\"nofollow noopener noreferrer\">Legislatura del Estado de Washington RCW: Consentimiento impl\u00edcito\/rechazo de la prueba de aliento<\/a><\/li>\n<li>Dispositivos de bloqueo de encendido\/Fabricantes<\/li>\n<li><a href=\"https:\/\/app.leg.wa.gov\/wac\/default.aspx?cite=448\" target=\"_blank\" rel=\"nofollow noopener noreferrer\">Toxic\u00f3logo estatal WAC<\/a><\/li>\n<li><a href=\"https:\/\/wtsc.wa.gov\/impairment-dashboard\/\" target=\"_blank\" rel=\"nofollow noopener noreferrer\">WTSC \u2013 Conducci\u00f3n bajo los efectos del alcohol<\/a><\/li>\n<li>Calculadora de alcohol en sangre<\/li>\n<li><a href=\"https:\/\/www.adaptiveskills.com\/\" target=\"_blank\" rel=\"nofollow noopener noreferrer\">Habilidades adaptativas<\/a><\/li>\n<\/ul>\n<div>\n<ul>\n<li>DUI: Primera infracci\u00f3n<br \/>\nExplicaci\u00f3n de las reglas para los infractores primerizos<\/li>\n<li>DUI: Segunda infracci\u00f3n<br \/>\nReglas para reincidentes<\/li>\n<li><a href=\"https:\/\/www.drivinglaws.org\/resources\/washington-teen-driving.html\" target=\"_blank\" rel=\"nofollow noopener noreferrer\">Leyes de conducci\u00f3n para adolescentes<\/a><br \/>\nNormas legales para conductores adolescentes<\/li>\n<li><a href=\"https:\/\/dui.drivinglaws.org\/washington.php\" target=\"_blank\" rel=\"nofollow noopener noreferrer\">DUI: multas y sanciones<\/a><br \/>\nResumen simple de sanciones<\/li>\n<li><a href=\"https:\/\/www.drivinglaws.org\/resources\/washington-text-cell-phone-laws.html\" target=\"_blank\" rel=\"nofollow noopener noreferrer\">Leyes sobre tel\u00e9fonos celulares<\/a><br \/>\nDerechos y restricciones para tel\u00e9fonos celulares y mensajes de texto<\/li>\n<li><a href=\"https:\/\/www.drivinglaws.org\/sr-22-overview.html\" target=\"_blank\" rel=\"nofollow noopener noreferrer\">Requisitos de seguro<\/a><br \/>\nNormas sobre seguros<\/li>\n<li><a href=\"https:\/\/www.boulderdefenseattorney.com\/signs-that-a-dui-case-is-weak\/\" target=\"_blank\" rel=\"noopener\">Se\u00f1ales de un caso de DUI d\u00e9bil<\/a><br \/>\nC\u00f3mo saber si un caso de DUI en su contra es d\u00e9bil<\/li>\n<li><a href=\"https:\/\/www.drivinglaws.org\/resources\/traffic-tickets\/speed-violations\/washington-speeding-laws.htm\" target=\"_blank\" rel=\"nofollow noopener noreferrer\">Leyes de exceso de velocidad<\/a><br \/>\nNormas sobre exceso de velocidad y suspensi\u00f3n de la licencia<\/li>\n<\/ul>\n<\/div>\n<h2>C\u00f3mo puede ayudarle nuestro abogado de DUI<\/h2>\n<p>Nuestro <strong>Abogados de DUI<\/strong>Las estrategias de defensa incluyen:<\/p>\n<ul>\n<li>Examinar la evidencia en su contra, incluyendo evaluar c\u00f3mo se administraron las pruebas de sobriedad de campo y el entrenamiento de los oficiales que las exigieron.<\/li>\n<li>Determinar si problemas de salud o de medicaci\u00f3n pueden haber afectado el resultado del contenido de alcohol en sangre <a title=\"Abogados de DUI en Everett - Prueba de alcoholemia\" href=\"https:\/\/www.wsp.wa.gov\/breathtest\/wdms_home.htm\" target=\"_blank\" rel=\"nofollow noopener noreferrer\">Pruebas de concentraci\u00f3n de alcohol en sangre (BAC)<\/a><\/li>\n<li>Revisi\u00f3n de las soluciones del simulador y <a href=\"https:\/\/www.wsp.wa.gov\/breathtest\/wdms_home.htm\" target=\"_blank\" rel=\"nofollow noopener noreferrer\">Prueba de alcoholemia<\/a> material para asegurarse de que su Datamaster estaba en buen estado de funcionamiento en el momento en que realiz\u00f3 la prueba<\/li>\n<li>Revisar su historial de conducci\u00f3n anterior<\/li>\n<li>Asesorar a los clientes sobre c\u00f3mo responder a interrogatorios policiales y solicitudes para realizar pruebas de sobriedad en campo.<\/li>\n<li>Suprimir pruebas para debilitar el caso del fiscal en el juicio<\/li>\n<\/ul>\n<h2>Contacte hoy mismo con nuestros abogados especializados en DUI<\/h2>\n<p>Si le han acusado de conducir bajo los efectos del alcohol, comun\u00edquese con <strong>Russell &amp; Hill \u2013 Abogados de lesiones y accidentes<\/strong> por correo electr\u00f3nico o llamada <a href=\"tel:800-529-0842\">800-529-0842<\/a> para programar una consulta inicial gratuita.<\/p>\n<p>Llegar a <a href=\"https:\/\/russellandhill.com\/es\/our-firm\/\">Russell &amp; Hill \u2013 Abogados de lesiones y accidentes<\/a> para los siguientes servicios:<\/p>\n<ul>\n<li>Consultas iniciales gratuitas con nuestro <strong>Abogados de DUI<\/strong><\/li>\n<li>Citas entre semana, por la tarde y en fin de semana.<\/li>\n<li>Consultas telef\u00f3nicas las 24 horas en caso de urgencias.<\/li>\n<li>Traducci\u00f3n interna al espa\u00f1ol<\/li>\n<li>Una ubicaci\u00f3n conveniente en <strong>Broadway en Everett<\/strong><\/li>\n<\/ul>\n<p>Recibimos muchas recomendaciones de antiguos clientes. Nos recomiendan a sus familiares y amigos porque han experimentado nuestra representaci\u00f3n minuciosa y diligente y saben que nuestros abogados de DUI en Everett hacen todo lo posible por nuestros clientes.<\/p>","protected":false},"excerpt":{"rendered":"<p>Driving with a blood alcohol level of or above 0.08 % is a crime. Driving under the Influence (DUI) or Driving While Intoxicated (DWI) is one of the most serious driving offenses in Washington. There are several other driving offenses, but the charge of DUI\/DWI results in very serious consequences and is likely to have<\/p>","protected":false},"author":16,"featured_media":0,"parent":0,"menu_order":0,"comment_status":"closed","ping_status":"closed","template":"","meta":{"_acf_changed":false,"footnotes":""},"class_list":["post-3626","page","type-page","status-publish","hentry"],"acf":[],"_links":{"self":[{"href":"https:\/\/russellandhill.com\/es\/wp-json\/wp\/v2\/pages\/3626","targetHints":{"allow":["GET"]}}],"collection":[{"href":"https:\/\/russellandhill.com\/es\/wp-json\/wp\/v2\/pages"}],"about":[{"href":"https:\/\/russellandhill.com\/es\/wp-json\/wp\/v2\/types\/page"}],"author":[{"embeddable":true,"href":"https:\/\/russellandhill.com\/es\/wp-json\/wp\/v2\/users\/16"}],"replies":[{"embeddable":true,"href":"https:\/\/russellandhill.com\/es\/wp-json\/wp\/v2\/comments?post=3626"}],"version-history":[{"count":0,"href":"https:\/\/russellandhill.com\/es\/wp-json\/wp\/v2\/pages\/3626\/revisions"}],"wp:attachment":[{"href":"https:\/\/russellandhill.com\/es\/wp-json\/wp\/v2\/media?parent=3626"}],"curies":[{"name":"gracias","href":"https:\/\/api.w.org\/{rel}","templated":true}]}}