{"id":4929,"date":"2019-04-09T06:02:15","date_gmt":"2019-04-09T06:02:15","guid":{"rendered":"https:\/\/russellhlive.wpenginepowered.com\/?page_id=4929"},"modified":"2026-01-29T17:23:09","modified_gmt":"2026-01-29T17:23:09","slug":"resources","status":"publish","type":"page","link":"https:\/\/russellandhill.com\/es\/resources\/","title":{"rendered":"Recursos"},"content":{"rendered":"<h2><strong>Recursos de California<\/strong><\/h2>\n<p><a class=\"internal\" title=\"Abogado de accidentes automovil\u00edsticos en Los \u00c1ngeles\" href=\"https:\/\/kornberglawfirm.com\/motor-vehicle-accidents\/car-accident\/\" target=\"_blank\" rel=\"noopener\">Abogado de accidentes automovil\u00edsticos en Los \u00c1ngeles<\/a><\/p>\n<h2><strong>Recursos de Pensilvania<\/strong><\/h2>\n<p><a class=\"internal\" title=\"Abogado de accidentes automovil\u00edsticos en Filadelfia\" href=\"https:\/\/dandoylelaw.com\/philadelphia-car-accident-attorney\/\" target=\"_blank\" rel=\"noopener\">Abogado de accidentes automovil\u00edsticos en Filadelfia<\/a><br \/>\n<a class=\"internal\" href=\"https:\/\/www.solomonsherman.com\/\" target=\"_blank\" rel=\"noopener\">Abogado de lesiones personales en Filadelfia<\/a><\/p>\n<h2><strong>Recursos de Massachusetts<\/strong><\/h2>\n<p><a class=\"internal\" href=\"https:\/\/www.coluccilaw.com\/boston-motor-vehicle-accident-attorney\/car\/\" target=\"_blank\" rel=\"noopener\">Abogado de accidentes automovil\u00edsticos en Boston<\/a><\/p>","protected":false},"excerpt":{"rendered":"<p>Abogado de accidentes automovil\u00edsticos en California Recursos en Los \u00c1ngeles Recursos en Pensilvania Abogado de accidentes automovil\u00edsticos Abogado de lesiones personales en Filadelfia Recursos en Filadelfia Abogado de accidentes automovil\u00edsticos en Boston<\/p>","protected":false},"author":16,"featured_media":0,"parent":0,"menu_order":0,"comment_status":"closed","ping_status":"closed","template":"page-template\/full-width-template.php","meta":{"_acf_changed":false,"footnotes":""},"class_list":["post-4929","page","type-page","status-publish","hentry"],"acf":[],"_links":{"self":[{"href":"https:\/\/russellandhill.com\/es\/wp-json\/wp\/v2\/pages\/4929","targetHints":{"allow":["GET"]}}],"collection":[{"href":"https:\/\/russellandhill.com\/es\/wp-json\/wp\/v2\/pages"}],"about":[{"href":"https:\/\/russellandhill.com\/es\/wp-json\/wp\/v2\/types\/page"}],"author":[{"embeddable":true,"href":"https:\/\/russellandhill.com\/es\/wp-json\/wp\/v2\/users\/16"}],"replies":[{"embeddable":true,"href":"https:\/\/russellandhill.com\/es\/wp-json\/wp\/v2\/comments?post=4929"}],"version-history":[{"count":0,"href":"https:\/\/russellandhill.com\/es\/wp-json\/wp\/v2\/pages\/4929\/revisions"}],"wp:attachment":[{"href":"https:\/\/russellandhill.com\/es\/wp-json\/wp\/v2\/media?parent=4929"}],"curies":[{"name":"gracias","href":"https:\/\/api.w.org\/{rel}","templated":true}]}}