{"id":74,"date":"2018-12-03T10:14:19","date_gmt":"2018-12-03T10:14:19","guid":{"rendered":"https:\/\/russellhlive.wpenginepowered.com\/?page_id=74"},"modified":"2025-12-08T20:28:04","modified_gmt":"2025-12-08T20:28:04","slug":"privacy-policy","status":"publish","type":"page","link":"https:\/\/russellandhill.com\/es\/privacy-policy\/","title":{"rendered":"pol\u00edtica de privacidad"},"content":{"rendered":"<p><strong data-start=\"378\" data-end=\"397\">Fecha de entrada en vigor:<\/strong> 21 de julio de 2025<\/p>\n<p>Reconocemos que puede estar preocupado por el uso y la divulgaci\u00f3n de su informaci\u00f3n personal. Su privacidad es muy importante para nosotros, y a continuaci\u00f3n le informaremos sobre la informaci\u00f3n que le proporcionamos. <strong data-start=\"611\" data-end=\"659\">Russell &amp; Hill \u2013 Abogados de lesiones y accidentes<\/strong>, que podemos recopilar de usted y c\u00f3mo se utiliza. Al usar nuestro sitio web, <strong data-start=\"724\" data-end=\"750\"><a class=\"\" href=\"https:\/\/russellandhill.com\/es\/\" data-start=\"726\" data-end=\"748\">https:\/\/russellandhill.com\/<\/a><\/strong>, usted acepta las pr\u00e1cticas descritas en esta Pol\u00edtica de Privacidad.<\/p>\n<h2>Recopilaci\u00f3n de informaci\u00f3n<\/h2>\n<p data-start=\"855\" data-end=\"955\">Podemos recopilar informaci\u00f3n tanto personal como no personal a trav\u00e9s de su interacci\u00f3n con nuestro sitio web:<\/p>\n<h3 data-start=\"957\" data-end=\"989\">1. Informaci\u00f3n no personal:<\/h3>\n<p data-start=\"990\" data-end=\"1018\">Podemos recopilar datos como:<\/p>\n<ul data-start=\"1019\" data-end=\"1147\">\n<li data-start=\"1019\" data-end=\"1047\">\n<p data-start=\"1021\" data-end=\"1047\">Nombre de dominio y direcci\u00f3n IP<\/p>\n<\/li>\n<li data-start=\"1048\" data-end=\"1083\">\n<p data-start=\"1050\" data-end=\"1083\">Tipo de navegador y sistema operativo<\/p>\n<\/li>\n<li data-start=\"1084\" data-end=\"1108\">\n<p data-start=\"1086\" data-end=\"1108\">Sitio o enlace de referencia<\/p>\n<\/li>\n<li data-start=\"1109\" data-end=\"1147\">\n<p data-start=\"1111\" data-end=\"1147\">P\u00e1ginas accedidas y duraci\u00f3n de la visita<\/p>\n<\/li>\n<\/ul>\n<p data-start=\"1149\" data-end=\"1221\">Esta informaci\u00f3n se utiliza para mejorar la experiencia y la seguridad de nuestro sitio web.<\/p>\n<h3 data-start=\"1223\" data-end=\"1251\">2. Informaci\u00f3n personal:<\/h3>\n<p data-start=\"1252\" data-end=\"1385\">Cuando se comunica con nosotros, a trav\u00e9s de nuestros <strong data-start=\"1293\" data-end=\"1352\"><a class=\"cursor-pointer\" href=\"https:\/\/russellandhill.com\/es\/contact\/\" target=\"_new\" rel=\"noopener\" data-start=\"1295\" data-end=\"1350\">formulario de contacto<\/a><\/strong>, correo electr\u00f3nico o tel\u00e9fono: podemos recopilar:<\/p>\n<ul data-start=\"1386\" data-end=\"1522\">\n<li data-start=\"1386\" data-end=\"1425\">\n<p data-start=\"1388\" data-end=\"1425\">Nombre, n\u00famero de tel\u00e9fono y direcci\u00f3n de correo electr\u00f3nico<\/p>\n<\/li>\n<li data-start=\"1426\" data-end=\"1472\">\n<p data-start=\"1428\" data-end=\"1472\">Detalles relacionados con el caso que usted proporciona voluntariamente<\/p>\n<\/li>\n<li data-start=\"1473\" data-end=\"1522\">\n<p data-start=\"1475\" data-end=\"1522\">Cualquier otra informaci\u00f3n que env\u00ede durante el contacto<\/p>\n<\/li>\n<\/ul>\n<p data-start=\"1524\" data-end=\"1643\">Evite enviar datos confidenciales como n\u00fameros de Seguro Social o informaci\u00f3n bancaria a trav\u00e9s de nuestros formularios en l\u00ednea.<\/p>\n<h2 data-start=\"1524\" data-end=\"1643\">Mensajer\u00eda de texto y comunicaciones SMS<\/h2>\n<p data-start=\"1696\" data-end=\"2198\">Al proporcionar su n\u00famero de tel\u00e9fono a <strong data-start=\"1730\" data-end=\"1778\">Russell &amp; Hill \u2013 Abogados de lesiones y accidentes<\/strong>, usted acepta y reconoce que <strong data-start=\"1811\" data-end=\"1859\">Russell &amp; Hill \u2013 Abogados de lesiones y accidentes<\/strong> Podr\u00edamos enviarle mensajes de texto a su n\u00famero de tel\u00e9fono m\u00f3vil con detalles de su caso y solicitar documentos, incluyendo actualizaciones de estado y recordatorios de fechas o notificaciones importantes. Se pueden aplicar tarifas por mensajes y datos. La frecuencia de los mensajes variar\u00e1, y podr\u00e1 cancelar su suscripci\u00f3n respondiendo &quot;STOP&quot; o &quot;HELP&quot; para obtener m\u00e1s ayuda.<\/p>\n<p data-start=\"2200\" data-end=\"2451\"><strong data-start=\"2200\" data-end=\"2451\">La informaci\u00f3n m\u00f3vil no se compartir\u00e1 con terceros ni afiliados con fines de marketing ni promocionales. Todas las categor\u00edas anteriores excluyen los datos de suscripci\u00f3n y el consentimiento del remitente de los mensajes de texto; esta informaci\u00f3n no se compartir\u00e1 con terceros.<\/strong><\/p>\n<h2 data-start=\"2200\" data-end=\"2451\">Consentimiento verbal (consentimiento telef\u00f3nico)<\/h2>\n<p data-start=\"2496\" data-end=\"2944\"><strong data-start=\"2496\" data-end=\"2544\">Russell &amp; Hill \u2013 Abogados de lesiones y accidentes<\/strong> Recopila verbalmente la aceptaci\u00f3n de sus clientes. Los clientes pueden optar por recibir mensajes en persona en una ubicaci\u00f3n f\u00edsica o por tel\u00e9fono cuando llaman. Al registrarse por primera vez, se les solicita un n\u00famero de tel\u00e9fono y el personal est\u00e1 capacitado para preguntarles si desean recibir la facturaci\u00f3n por SMS o las notificaciones de casos. Se les informar\u00e1 verbalmente de lo siguiente:<\/p>\n<ul data-start=\"2946\" data-end=\"3205\">\n<li data-start=\"2946\" data-end=\"2983\">\n<p data-start=\"2948\" data-end=\"2983\">\u201cPueden aplicarse tarifas por mensajes y datos\u201d<\/p>\n<\/li>\n<li data-start=\"2984\" data-end=\"3015\">\n<p data-start=\"2986\" data-end=\"3015\">\u201cLa frecuencia de los mensajes puede variar\u201d<\/p>\n<\/li>\n<li data-start=\"3016\" data-end=\"3106\">\n<p data-start=\"3018\" data-end=\"3106\">\u201cPuede enviar un mensaje de texto con la palabra AYUDA para recibir ayuda o m\u00e1s informaci\u00f3n y STOP para cancelar la suscripci\u00f3n en cualquier momento\u201d.<\/p>\n<\/li>\n<li data-start=\"3107\" data-end=\"3205\">\n<p data-start=\"3109\" data-end=\"3205\">\u201cSu n\u00famero de tel\u00e9fono no ser\u00e1 compartido con terceros con fines de marketing o promocionales\u201d.<\/p>\n<\/li>\n<\/ul>\n<h2>Uso de la informaci\u00f3n<\/h2>\n<p data-start=\"3236\" data-end=\"3274\">Utilizamos la informaci\u00f3n que recopilamos para:<\/p>\n<ul data-start=\"3275\" data-end=\"3498\">\n<li data-start=\"3275\" data-end=\"3305\">\n<p data-start=\"3277\" data-end=\"3305\">Respondiendo a sus consultas<\/p>\n<\/li>\n<li data-start=\"3306\" data-end=\"3332\">\n<p data-start=\"3308\" data-end=\"3332\">Prestaci\u00f3n de servicios jur\u00eddicos<\/p>\n<\/li>\n<li data-start=\"3333\" data-end=\"3386\">\n<p data-start=\"3335\" data-end=\"3386\">Mejorar la funcionalidad del sitio web y la experiencia del usuario<\/p>\n<\/li>\n<li data-start=\"3387\" data-end=\"3417\">\n<p data-start=\"3389\" data-end=\"3417\">Servicio y soporte al cliente<\/p>\n<\/li>\n<li data-start=\"3418\" data-end=\"3462\">\n<p data-start=\"3420\" data-end=\"3462\">Env\u00edo de actualizaciones relevantes y contenido legal<\/p>\n<\/li>\n<li data-start=\"3463\" data-end=\"3498\">\n<p data-start=\"3465\" data-end=\"3498\">An\u00e1lisis y operaciones internas<\/p>\n<\/li>\n<\/ul>\n<h2>Seguridad<\/h2>\n<p data-start=\"3522\" data-end=\"3765\">Implementamos pr\u00e1cticas de seguridad est\u00e1ndar para proteger sus datos personales. Toda informaci\u00f3n confidencial (por ejemplo, datos de tarjetas de cr\u00e9dito) se cifra durante la transmisi\u00f3n. Puede verificarlo buscando &quot;https&quot; o el icono de un candado en su navegador.<\/p>\n<p data-start=\"3767\" data-end=\"3918\">Sin conexi\u00f3n, el acceso a sus datos personales est\u00e1 restringido a los empleados que los necesitan para funciones relacionadas con los casos. Los datos se almacenan en un servidor seguro.<\/p>\n<h2>Galletas<\/h2>\n<p data-start=\"3941\" data-end=\"4028\">Utilizamos cookies para mejorar la experiencia del usuario y rastrear el comportamiento de los visitantes. Las cookies pueden ayudar a:<\/p>\n<ul data-start=\"4029\" data-end=\"4114\">\n<li data-start=\"4029\" data-end=\"4056\">\n<p data-start=\"4031\" data-end=\"4056\">Reconocer a los usuarios que regresan<\/p>\n<\/li>\n<li data-start=\"4057\" data-end=\"4080\">\n<p data-start=\"4059\" data-end=\"4080\">Guarda tus preferencias<\/p>\n<\/li>\n<li data-start=\"4081\" data-end=\"4114\">\n<p data-start=\"4083\" data-end=\"4114\">Analizar el tr\u00e1fico y las tendencias del sitio<\/p>\n<\/li>\n<\/ul>\n<p data-start=\"4116\" data-end=\"4200\">Puede desactivar las cookies a trav\u00e9s de la configuraci\u00f3n de su navegador, pero esto puede limitar la funcionalidad.<\/p>\n<h2>Intercambio<\/h2>\n<p data-start=\"4223\" data-end=\"4330\">No vendemos, alquilamos ni distribuimos su informaci\u00f3n personal a terceros con fines de marketing masivo.<\/p>\n<p data-start=\"4332\" data-end=\"4461\">Podemos divulgar su informaci\u00f3n si lo exige la ley, un proceso legal o creemos de buena fe que dicha acci\u00f3n es necesaria para:<\/p>\n<ul data-start=\"4462\" data-end=\"4588\">\n<li data-start=\"4462\" data-end=\"4493\">\n<p data-start=\"4464\" data-end=\"4493\">Cumplir con las obligaciones legales<\/p>\n<\/li>\n<li data-start=\"4494\" data-end=\"4536\">\n<p data-start=\"4496\" data-end=\"4536\">Hacer cumplir nuestros t\u00e9rminos y proteger nuestros derechos<\/p>\n<\/li>\n<li data-start=\"4537\" data-end=\"4588\">\n<p data-start=\"4539\" data-end=\"4588\">Responder a actividades ilegales o sospechas de fraude<\/p>\n<\/li>\n<\/ul>\n<h2>Enlaces de terceros<\/h2>\n<p>Nuestro sitio web puede contener enlaces a sitios web externos. No nos responsabilizamos de su contenido ni de sus pr\u00e1cticas de privacidad. Le recomendamos leer las pol\u00edticas de privacidad de cualquier sitio web externo que visite.<\/p>\n<h2>Encuestas y concursos<\/h2>\n<p>Ocasionalmente, podemos realizar encuestas o concursos. La participaci\u00f3n es voluntaria. La informaci\u00f3n recopilada puede incluir nombre, correo electr\u00f3nico, edad o direcci\u00f3n postal, que se utiliza para notificar a los ganadores y analizar la satisfacci\u00f3n del usuario.<\/p>\n<h2>Ley aplicable<\/h2>\n<p>Esta Pol\u00edtica de Privacidad y cualquier disputa que surja de ella o est\u00e9 relacionada con ella se regir\u00e1n e interpretar\u00e1n de conformidad con las leyes del pa\u00eds. <strong data-start=\"445\" data-end=\"468\">Estado de Washington<\/strong>, sin tener en cuenta sus principios de conflicto de leyes. Al usar este sitio web, usted acepta que cualquier acci\u00f3n o procedimiento legal se presentar\u00e1 exclusivamente ante los tribunales estatales o federales ubicados en <strong data-start=\"660\" data-end=\"692\">Condado de Snohomish, Washington<\/strong>.<\/p>\n<h2>Su consentimiento<\/h2>\n<p>Al usar este sitio web, usted consiente la recopilaci\u00f3n y el uso de informaci\u00f3n seg\u00fan lo descrito anteriormente. Si actualizamos esta Pol\u00edtica de Privacidad, publicaremos los cambios en esta p\u00e1gina. El uso continuado del sitio despu\u00e9s de la publicaci\u00f3n de los cambios constituye su aceptaci\u00f3n.<\/p>\n<h2>Sus derechos<\/h2>\n<p data-start=\"5348\" data-end=\"5370\">Usted tiene derecho a:<\/p>\n<ul data-start=\"5371\" data-end=\"5548\">\n<li data-start=\"5371\" data-end=\"5427\">\n<p data-start=\"5373\" data-end=\"5427\">Solicitar acceso a la informaci\u00f3n personal que hemos recopilado<\/p>\n<\/li>\n<li data-start=\"5428\" data-end=\"5480\">\n<p data-start=\"5430\" data-end=\"5480\">Solicitar la correcci\u00f3n o eliminaci\u00f3n de su informaci\u00f3n<\/p>\n<\/li>\n<li data-start=\"5481\" data-end=\"5548\">\n<p data-start=\"5483\" data-end=\"5548\">Puede optar por no recibir comunicaciones por correo electr\u00f3nico ni notificaciones por SMS en cualquier momento.<\/p>\n<\/li>\n<\/ul>\n<p data-start=\"5550\" data-end=\"5610\">Para ejercer sus derechos, cont\u00e1ctenos utilizando los detalles que aparecen a continuaci\u00f3n.<\/p>\n<h2 data-start=\"5550\" data-end=\"5610\">Informaci\u00f3n del contacto<\/h2>\n<p data-start=\"5645\" data-end=\"5734\">Si tiene preguntas sobre esta Pol\u00edtica de privacidad o nuestras pr\u00e1cticas de datos, cont\u00e1ctenos:<\/p>\n<p data-start=\"5736\" data-end=\"5914\"><strong data-start=\"5736\" data-end=\"5784\">Russell &amp; Hill \u2013 Abogados de lesiones y accidentes<\/strong><br data-start=\"5784\" data-end=\"5787\" \/>3811-A Broadway<br data-start=\"5802\" data-end=\"5805\" \/>Everett, WA 98201<br data-start=\"5822\" data-end=\"5825\" \/>Tel\u00e9fono: <a href=\"tel:(800) 529-0842\">(800) 529-0842<\/a><br data-start=\"5846\" data-end=\"5849\" \/>Sitio web: <a class=\"\" href=\"https:\/\/russellandhill.com\/es\/\" data-start=\"5858\" data-end=\"5914\">https:\/\/russellandhill.com\/<\/a><\/p>","protected":false},"excerpt":{"rendered":"<p>Fecha de entrada en vigor: 21 de julio de 2025. Reconocemos que puede estar preocupado por el uso y la divulgaci\u00f3n de su informaci\u00f3n personal. Su privacidad es muy importante para nosotros, y a continuaci\u00f3n le informaremos sobre la informaci\u00f3n que nosotros, Russell &amp; Hill \u2013 Abogados de Lesiones y Accidentes, podemos recopilar de usted y c\u00f3mo se recopila.<\/p>","protected":false},"author":16,"featured_media":0,"parent":0,"menu_order":0,"comment_status":"closed","ping_status":"closed","template":"","meta":{"_acf_changed":false,"footnotes":""},"class_list":["post-74","page","type-page","status-publish","hentry"],"acf":[],"_links":{"self":[{"href":"https:\/\/russellandhill.com\/es\/wp-json\/wp\/v2\/pages\/74","targetHints":{"allow":["GET"]}}],"collection":[{"href":"https:\/\/russellandhill.com\/es\/wp-json\/wp\/v2\/pages"}],"about":[{"href":"https:\/\/russellandhill.com\/es\/wp-json\/wp\/v2\/types\/page"}],"author":[{"embeddable":true,"href":"https:\/\/russellandhill.com\/es\/wp-json\/wp\/v2\/users\/16"}],"replies":[{"embeddable":true,"href":"https:\/\/russellandhill.com\/es\/wp-json\/wp\/v2\/comments?post=74"}],"version-history":[{"count":0,"href":"https:\/\/russellandhill.com\/es\/wp-json\/wp\/v2\/pages\/74\/revisions"}],"wp:attachment":[{"href":"https:\/\/russellandhill.com\/es\/wp-json\/wp\/v2\/media?parent=74"}],"curies":[{"name":"gracias","href":"https:\/\/api.w.org\/{rel}","templated":true}]}}