{"id":8001,"date":"2020-05-15T05:00:57","date_gmt":"2020-05-15T05:00:57","guid":{"rendered":"https:\/\/russellhlive.wpenginepowered.com\/?page_id=8001"},"modified":"2025-10-14T15:08:16","modified_gmt":"2025-10-14T15:08:16","slug":"covid-19-update","status":"publish","type":"page","link":"https:\/\/russellandhill.com\/es\/covid-19-update\/","title":{"rendered":"Actualizaciones de Covid-19: \u00a1Firma electr\u00f3nica en l\u00ednea!"},"content":{"rendered":"<p>En estos tiempos dif\u00edciles debido al Coronavirus (COVID-19), tenga la seguridad de que <span style=\"text-decoration: underline;\">\u00a1Russell &amp; Hill sigue aqu\u00ed para servirle!<\/span> De acuerdo con las pr\u00e1cticas seguras, <em>Muchos de nuestros empleados est\u00e1n trabajando de forma remota y no trabajan desde nuestras oficinas.<\/em> Sin embargo, seguimos comprometidos a brindar un excelente servicio y una buena comunicaci\u00f3n con usted durante estos momentos dif\u00edciles. Dado que muchos trabajan de forma remota, <em>Por favor comun\u00edquese con nosotros <span style=\"text-decoration: underline;\">por correo electr\u00f3nico o tel\u00e9fono<\/span><\/em> <a href=\"tel:800-529-0842\">(800-529-0842)<\/a> Si tiene preguntas sobre su caso, env\u00ede sus correos electr\u00f3nicos al asistente legal que lo lleva. Si necesita la direcci\u00f3n de correo electr\u00f3nico de su asistente legal, ll\u00e1menos y le proporcionaremos esa informaci\u00f3n para que podamos ayudarle y responder a sus preguntas.<\/p>\n<h2>Firme sus documentos electr\u00f3nicamente con Russell &amp; Hill<\/h2>\n<p>Tambi\u00e9n ofrecemos servicios de firma electr\u00f3nica para firmar contratos y documentos de forma segura y c\u00f3moda.<\/p>\n<p>Durante este tiempo, Russell &amp; Hill seguir\u00e1 a su disposici\u00f3n para brindarle una excelente representaci\u00f3n legal y asesoramiento. Esperamos que usted y su familia se encuentren sanos y salvos, y esperamos con ansias la oportunidad de seguir brind\u00e1ndoles nuestros servicios.<\/p>","protected":false},"excerpt":{"rendered":"<p>In these difficult times due to Coronavirus (COVID-19), please be assured that Russell &amp; Hill is still here to serve you! In keeping with safe practices, many of our staff are working remotely and are not working from our offices. However, we remain committed to providing excellent service and good communication with you during this<\/p>","protected":false},"author":16,"featured_media":0,"parent":0,"menu_order":0,"comment_status":"closed","ping_status":"closed","template":"","meta":{"_acf_changed":false,"footnotes":""},"class_list":["post-8001","page","type-page","status-publish","hentry"],"acf":[],"_links":{"self":[{"href":"https:\/\/russellandhill.com\/es\/wp-json\/wp\/v2\/pages\/8001","targetHints":{"allow":["GET"]}}],"collection":[{"href":"https:\/\/russellandhill.com\/es\/wp-json\/wp\/v2\/pages"}],"about":[{"href":"https:\/\/russellandhill.com\/es\/wp-json\/wp\/v2\/types\/page"}],"author":[{"embeddable":true,"href":"https:\/\/russellandhill.com\/es\/wp-json\/wp\/v2\/users\/16"}],"replies":[{"embeddable":true,"href":"https:\/\/russellandhill.com\/es\/wp-json\/wp\/v2\/comments?post=8001"}],"version-history":[{"count":0,"href":"https:\/\/russellandhill.com\/es\/wp-json\/wp\/v2\/pages\/8001\/revisions"}],"wp:attachment":[{"href":"https:\/\/russellandhill.com\/es\/wp-json\/wp\/v2\/media?parent=8001"}],"curies":[{"name":"gracias","href":"https:\/\/api.w.org\/{rel}","templated":true}]}}