{"id":8088,"date":"2020-06-08T06:47:19","date_gmt":"2020-06-08T06:47:19","guid":{"rendered":"https:\/\/russellhlive.wpenginepowered.com\/?page_id=8088"},"modified":"2025-10-16T14:16:47","modified_gmt":"2025-10-16T14:16:47","slug":"everett-services","status":"publish","type":"page","link":"https:\/\/russellandhill.com\/es\/everett-services\/","title":{"rendered":"Servicios de Everett"},"content":{"rendered":"<p>Los abogados expertos de Russell &amp; Hill \u2013 Abogados de Lesiones y Accidentes cuentan con una amplia experiencia ayudando a clientes en todo Everett con sus reclamos por lesiones personales, casos de defensa penal, as\u00ed como reclamos y apelaciones de discapacidad del Seguro Social (SSDI\/SSI). Contamos con una amplia trayectoria de \u00e9xito ayudando a nuestros clientes a superar momentos dif\u00edciles. Dependiendo de su situaci\u00f3n, trabajamos diligentemente para obtener la compensaci\u00f3n que le corresponde o para ayudarle con cualquier cargo penal que enfrente.<\/p>","protected":false},"excerpt":{"rendered":"<p>The skilled attorneys at Russell &amp; Hill &#8211; Injury &amp; Accident Attorneys have vast experience helping clients throughout Everett with their personal injury claims, criminal defense cases, as well as Social Security disability (SSDI\/SSI) claims and appeals. We have an impressive track record of success helping our clients get through difficult times in their lives.<\/p>","protected":false},"author":16,"featured_media":7613,"parent":0,"menu_order":0,"comment_status":"closed","ping_status":"closed","template":"page-template\/geo-location-template.php","meta":{"_acf_changed":false,"footnotes":""},"class_list":["post-8088","page","type-page","status-publish","has-post-thumbnail","hentry"],"acf":[],"_links":{"self":[{"href":"https:\/\/russellandhill.com\/es\/wp-json\/wp\/v2\/pages\/8088","targetHints":{"allow":["GET"]}}],"collection":[{"href":"https:\/\/russellandhill.com\/es\/wp-json\/wp\/v2\/pages"}],"about":[{"href":"https:\/\/russellandhill.com\/es\/wp-json\/wp\/v2\/types\/page"}],"author":[{"embeddable":true,"href":"https:\/\/russellandhill.com\/es\/wp-json\/wp\/v2\/users\/16"}],"replies":[{"embeddable":true,"href":"https:\/\/russellandhill.com\/es\/wp-json\/wp\/v2\/comments?post=8088"}],"version-history":[{"count":0,"href":"https:\/\/russellandhill.com\/es\/wp-json\/wp\/v2\/pages\/8088\/revisions"}],"wp:featuredmedia":[{"embeddable":true,"href":"https:\/\/russellandhill.com\/es\/wp-json\/wp\/v2\/media\/7613"}],"wp:attachment":[{"href":"https:\/\/russellandhill.com\/es\/wp-json\/wp\/v2\/media?parent=8088"}],"curies":[{"name":"gracias","href":"https:\/\/api.w.org\/{rel}","templated":true}]}}